{"id":44,"date":"2026-02-25T15:44:39","date_gmt":"2026-02-25T14:44:39","guid":{"rendered":"https:\/\/ge26.dkonto.pl\/?page_id=44"},"modified":"2026-04-01T15:57:02","modified_gmt":"2026-04-01T13:57:02","slug":"zadania","status":"publish","type":"page","link":"https:\/\/ge26.dkonto.pl\/index.php\/zadania\/","title":{"rendered":"Zadania"},"content":{"rendered":"\n<h2 class=\"wp-block-heading has-contrast-color has-text-color has-link-color wp-elements-b231c8c00184d82e99385be22528fd8d\">1. Charakterystyka og\u00f3lnogeograficzna<\/h2>\n\n\n\n<p class=\"has-contrast-3-color has-text-color has-link-color wp-elements-a209f34b931c7c8ff1ccdbe206c4ed14\">Do 4.03.2026 (23:59) &#8211; sko\u0144czy\u0107 wpis o charakterystyce og\u00f3lnogeograficznej wybranego regionu. Nie dokonywa\u0107 zmian po tym terminie.<\/p>\n\n\n\n<p class=\"has-contrast-3-color has-text-color has-link-color wp-elements-7a1cba4acafccb05f937af68db1cc45b\">Do 10.03.2026 (23:59) &#8211; przeczyta\u0107 wpisy o charakterystykach og\u00f3lnogeograficznych innych region\u00f3w i wype\u0142ni\u0107 ankiet\u0119 oceny i samooceny <a href=\"https:\/\/forms.cloud.microsoft\/e\/28eHuPdWqE\">pod tym linkiem<\/a>.<\/p>\n\n\n\n<h2 class=\"wp-block-heading has-contrast-color has-text-color has-link-color wp-elements-deeac53faa377619cc0f5f711545476e\">2. Rolnictwo<\/h2>\n\n\n\n<p class=\"has-contrast-3-color has-text-color has-link-color wp-elements-5ca084d6a74a984d68397f1d36c9d320\">Do 19.03.2026 (23:59) &#8211; opublikowa\u0107 wpis o rolnictwie regionu.<\/p>\n\n\n\n<p class=\"has-contrast-3-color has-text-color has-link-color wp-elements-ba2786ce733b8f34bb67a5353f1df4ab\">Do 25.03.2026 (10:55) &#8211; wype\u0142ni\u0107 ankiet\u0119 oceny wpisu o rolnictwie <a href=\"https:\/\/forms.cloud.microsoft\/e\/LZN4iMX2QZ\">pod tym linkiem<\/a>.<\/p>\n\n\n\n<h2 class=\"wp-block-heading\">3. Przemys\u0142<\/h2>\n\n\n\n<p class=\"has-contrast-3-color has-text-color has-link-color wp-elements-bfa2d336fd60817e612e70f2ae3d000e\">Do 25.03.2026 (10:55) &#8211; opublikowa\u0107 wpis o przemy\u015ble.<\/p>\n\n\n\n<p class=\"has-contrast-3-color has-text-color has-link-color wp-elements-cb411e5cf9a50e1f1ab5de36c0621e83\">Tre\u015bci wpisu o przemy\u015ble:<\/p>\n\n\n\n<ul class=\"wp-block-list\">\n<li class=\"has-contrast-3-color has-text-color has-link-color wp-elements-fdda65a3b5078a2eec620019e7c118dd\">G\u0142\u00f3wne \u017ar\u00f3d\u0142a energii wykorzystywane w krajach.<\/li>\n\n\n\n<li class=\"has-contrast-3-color has-text-color has-link-color wp-elements-65026bae66f87388dddfe9f763f15204\">Czy kraje s\u0105 znacz\u0105cym producentem i eksporterem surowc\u00f3w mineralnych?<\/li>\n\n\n\n<li class=\"has-contrast-3-color has-text-color has-link-color wp-elements-2f620a41173d7fe0860aecbad31f043f\">Jak zmienia si\u0119 struktura produkcji energii elektrycznej?<\/li>\n\n\n\n<li class=\"has-contrast-3-color has-text-color has-link-color wp-elements-fbdc81ba68dfa0f43509e3b5ed45f475\">Jakie s\u0105 najwa\u017cniejsze ga\u0142\u0119zie przemys\u0142u przetw\u00f3rczego?<\/li>\n<\/ul>\n\n\n\n<p class=\"has-contrast-3-color has-text-color has-link-color wp-elements-1a5d06cf31d3985861fca6d6b540741b\">Sugerowane \u017ar\u00f3d\u0142a:<\/p>\n\n\n\n<ul class=\"wp-block-list\">\n<li class=\"has-contrast-3-color has-text-color has-link-color wp-elements-c36f81f8890e3fe6b100bc5bfc052dc4\">Miks energetyczny: <a href=\"https:\/\/ourworldindata.org\/energy-mix\">https:\/\/ourworldindata.org\/energy-mix<\/a><\/li>\n\n\n\n<li class=\"has-contrast-3-color has-text-color has-link-color wp-elements-64d32f17644579b58bd67df4ebc1204f\">Wydobycie i handel surowcami mineralnymi: Statistical Review of World Energy<\/li>\n\n\n\n<li class=\"has-contrast-3-color has-text-color has-link-color wp-elements-4f49d286353914868a7b58fea0f33a3f\">Miks energii elektrycznej: <a href=\"https:\/\/ourworldindata.org\/electricity-mix\">https:\/\/ourworldindata.org\/electricity-mix<\/a><\/li>\n\n\n\n<li class=\"has-contrast-3-color has-text-color has-link-color wp-elements-f4e8ea95386a6bbdd942fd3a00b3d419\">Przemys\u0142 przetw\u00f3rczy: <a href=\"https:\/\/stat.unido.org\/data\/table?dataset=indstat&amp;revision=4\">https:\/\/stat.unido.org\/data\/table?dataset=indstat&amp;revision=4<\/a><\/li>\n<\/ul>\n\n\n\n<p class=\"has-contrast-3-color has-text-color has-link-color wp-elements-c87dc96bc7b85da3c788d53b2b9cf484\">Ankieta oceny: wype\u0142ni\u0107 do 1.04.2026 (10:55) ankiet\u0119 oceny wpisu o przemy\u015ble <a href=\"https:\/\/forms.cloud.microsoft\/e\/hkAGec4Ta1\">pod tym linkiem<\/a>.<\/p>\n\n\n\n<h2 class=\"wp-block-heading\">4. Transport<\/h2>\n\n\n\n<p class=\"has-contrast-3-color has-text-color has-link-color wp-elements-c2227082894cf49970f896efdce45c4a\">Do 1.04.2026 (10:55) &#8211; opublikowa\u0107 wpis o transporcie.<\/p>\n\n\n\n<p class=\"has-contrast-3-color has-text-color has-link-color wp-elements-6ebeab5de0513aad95e6219886899fae\">Jakie informacje powinny by\u0107 zawarte we wpisie:<\/p>\n\n\n\n<ul class=\"wp-block-list\">\n<li class=\"has-contrast-3-color has-text-color has-link-color wp-elements-870481b727ed3779db3f810222e137d4\">Opis sieci kolejowej (w tym du\u017cych pr\u0119dko\u015bci) i drogowej (g\u0119sto\u015b\u0107, rozmieszczenie g\u0142\u00f3wnych szlak\u00f3w)<\/li>\n\n\n\n<li class=\"has-contrast-3-color has-text-color has-link-color wp-elements-a9de9ad411f833c786807fca8b76fd0e\">Opis ruroci\u0105g\u00f3w (sk\u0105d dok\u0105d, jakie)<\/li>\n\n\n\n<li class=\"has-contrast-3-color has-text-color has-link-color wp-elements-8f91afc990be7773b6de2448cca22c05\">Wymienione g\u0142\u00f3wne w\u0119z\u0142y transportowe: porty, porty lotnicze, w\u0119z\u0142y kolejowo-drogowe<\/li>\n\n\n\n<li class=\"has-contrast-3-color has-text-color has-link-color wp-elements-ae6b06535b7ffd6938c7307bdba566d3\">Ilustracja kartograficzna (MapGeo)<\/li>\n<\/ul>\n\n\n\n<p class=\"has-contrast-3-color has-text-color has-link-color wp-elements-7311fdb83b98ad5f6309b8453b8e3e6e\">\u0179r\u00f3d\u0142a informacji (sugerowane):<\/p>\n\n\n\n<p class=\"has-contrast-3-color has-text-color has-link-color wp-elements-9a7766d7daf0274a45f70c8462430a6e\">Baza danych Banku \u015awiatowego<\/p>\n\n\n\n<ul class=\"wp-block-list\">\n<li class=\"has-contrast-3-color has-text-color has-link-color wp-elements-3d79ea1f74244d761ffd78b6cabc72e3\"><a href=\"https:\/\/data.worldbank.org\/\">https:\/\/data.worldbank.org\/<\/a><\/li>\n\n\n\n<li class=\"has-contrast-3-color has-text-color has-link-color wp-elements-fee44ebd24ab64b0c6cb50ec02023244\">Air transport, freight (million ton-km)<\/li>\n\n\n\n<li class=\"has-contrast-3-color has-text-color has-link-color wp-elements-ce14150991336ef9f15e144f1c2990f4\">Air transport, passengers carried<\/li>\n\n\n\n<li class=\"has-contrast-3-color has-text-color has-link-color wp-elements-c73873a24cc59a9e933ccb5b47c71f0a\">Rail lines (total route-km)<\/li>\n\n\n\n<li class=\"has-contrast-3-color has-text-color has-link-color wp-elements-78a258f4c7c9dd0f5cb90c5911eb7797\">Railways, goods transported (million ton-km)<\/li>\n\n\n\n<li class=\"has-contrast-3-color has-text-color has-link-color wp-elements-42ef6c8528f0594c59f513c4636d80ef\">Railways, passengers carried (million passenger-km)<\/li>\n<\/ul>\n\n\n\n<p class=\"has-contrast-3-color has-text-color has-link-color wp-elements-8f8e3689c4cf0cbbdd58a7de9fc32b70\">Mapy:<\/p>\n\n\n\n<ul class=\"wp-block-list\">\n<li class=\"has-contrast-3-color has-text-color has-link-color wp-elements-31a2415edaa92198e5c430b4ce61058b\"><a href=\"https:\/\/www.openstreetmap.org\/\">https:\/\/www.openstreetmap.org\/<\/a><\/li>\n\n\n\n<li class=\"has-contrast-3-color has-text-color has-link-color wp-elements-5dbae2cecfb83cac65623cfa0111e853\"><a href=\"https:\/\/www.openrailwaymap.org\">https:\/\/www.openrailwaymap.org<\/a><\/li>\n\n\n\n<li class=\"has-contrast-3-color has-text-color has-link-color wp-elements-e0c579cf4122885e5c591cabec5e0a5c\"><a href=\"https:\/\/openinframap.org\/\">https:\/\/openinframap.org\/<\/a><\/li>\n<\/ul>\n\n\n\n<p class=\"has-contrast-3-color has-text-color has-link-color wp-elements-e9bead1851ac603bfdc5b8704991b614\">Porty:<\/p>\n\n\n\n<ul class=\"wp-block-list\">\n<li class=\"has-contrast-3-color has-text-color has-link-color wp-elements-beddfac9b5d28e9d1a1968d7d15311e2\"><a href=\"https:\/\/www.isl.org\/en\/services\/port-database\">https:\/\/www.isl.org\/en\/services\/port-database<\/a><\/li>\n\n\n\n<li class=\"has-contrast-3-color has-text-color has-link-color wp-elements-33437468edded39f5de7820a4590d10d\"><a href=\"https:\/\/www.lloydslist.com\/one-hundred-container-ports-2020\/port-data\">https:\/\/www.lloydslist.com\/one-hundred-container-ports-2020\/port-data<\/a><\/li>\n<\/ul>\n\n\n\n<p class=\"has-contrast-3-color has-text-color has-link-color wp-elements-2c89dcfb145fc90bef5e2d895cfab741\">Porty lotnicze:<\/p>\n\n\n\n<ul class=\"wp-block-list\">\n<li class=\"has-contrast-3-color has-text-color has-link-color wp-elements-79157570d202d934f4688b8e74df4a42\"><a href=\"https:\/\/en.wikipedia.org\/wiki\/List_of_busiest_airports_by_passenger_traffic\">https:\/\/en.wikipedia.org\/wiki\/List_of_busiest_airports_by_passenger_traffic<\/a><\/li>\n\n\n\n<li class=\"has-contrast-3-color has-text-color has-link-color wp-elements-b758ed40efaad46e9ecc3fb0c4f18b95\"><a href=\"https:\/\/en.wikipedia.org\/wiki\/List_of_busiest_airports_by_cargo_traffic\">https:\/\/en.wikipedia.org\/wiki\/List_of_busiest_airports_by_cargo_traffic<\/a><\/li>\n<\/ul>\n\n\n\n<p class=\"has-contrast-3-color has-text-color has-link-color wp-elements-e258834146d16aa79ec8240bc5d53fe3\">Widget MapGeo: <a href=\"https:\/\/interactivegeomaps.com\/documentation\/\">https:\/\/interactivegeomaps.com\/documentation\/<\/a><\/p>\n\n\n\n<p>Ankieta oceny: wype\u0142ni\u0107 do 13.04.2026 (23:59) ankiet\u0119 oceny wpisu o przemy\u015ble <a href=\"https:\/\/forms.cloud.microsoft\/e\/WAquDtQNcg\">pod tym linkiem<\/a>.<\/p>\n\n\n\n<h2 class=\"wp-block-heading\">5. Turystyka<\/h2>\n\n\n\n<p>Do 8.04.2026 (23:59) &#8211; opublikowa\u0107 wpis o turystyce.<\/p>\n\n\n\n<p>Jakie informacje powinny by\u0107 zawarte we wpisie:<\/p>\n\n\n\n<ul class=\"wp-block-list\">\n<li>Obiekty z listy \u015bwiatowego dziedzictwa UNESCO w wybranych krajach: liczba + opis wszystkich albo wybranych, w zale\u017cno\u015bci od ich liczby (<a href=\"https:\/\/whc.unesco.org\/en\/list\/\">https:\/\/whc.unesco.org\/en\/list\/<\/a>).<\/li>\n\n\n\n<li>Statystyka przyjazdowej turystyki zagranicznej: liczba przyjazd\u00f3w, sezonowo\u015b\u0107, wp\u0142ywy z turystyki przyjazdowej, udzia\u0142 w PKB (<a href=\"https:\/\/www.untourism.int\/tourism-data\/un-tourism-tourism-dashboard\">https:\/\/www.untourism.int\/tourism-data\/un-tourism-tourism-dashboard<\/a>).<\/li>\n\n\n\n<li>Informacje polskiego MSZ dla turyst\u00f3w: ostrze\u017cenia przed podr\u00f3\u017c\u0105, wymagane dokumenty do wjazdu, choroby zaka\u017ane, inne zalecenia dla podr\u00f3\u017cnych (<a href=\"https:\/\/www.gov.pl\/web\/dyplomacja\/informacje-dla-podrozujacych\">https:\/\/www.gov.pl\/web\/dyplomacja\/informacje-dla-podrozujacych<\/a>).<\/li>\n\n\n\n<li>Jak naj\u0142atwiej dotrze\u0107 indywidualnie: po\u0142aczenia lotnicze, autobusowe, kolejowe (np. <a href=\"https:\/\/www.skyscanner.pl\/\">https:\/\/www.skyscanner.pl\/<\/a>)<\/li>\n\n\n\n<li>Czy s\u0105 oferty objazdowych wycieczek zorganizowanych polskich touroperator\u00f3w? (np. <a href=\"https:\/\/r.pl\/\">https:\/\/r.pl\/<\/a>, <a href=\"https:\/\/www.itaka.pl\/\">https:\/\/www.itaka.pl\/<\/a>).<\/li>\n<\/ul>\n\n\n\n<p>Ankieta oceny: wype\u0142ni\u0107 do 13.04.2026 (23:59) ankiet\u0119 oceny wpisu o przemy\u015ble <a href=\"https:\/\/forms.cloud.microsoft\/e\/jnqruCZmP5\">pod tym linkiem<\/a>.<\/p>\n\n\n\n<p><\/p>\n","protected":false},"excerpt":{"rendered":"<p>1. Charakterystyka og\u00f3lnogeograficzna Do 4.03.2026 (23:59) &#8211; sko\u0144czy\u0107 wpis o charakterystyce og\u00f3lnogeograficznej wybranego regionu. Nie dokonywa\u0107 zmian po tym terminie. Do 10.03.2026 (23:59) &#8211; przeczyta\u0107 wpisy o charakterystykach og\u00f3lnogeograficznych innych region\u00f3w i wype\u0142ni\u0107 ankiet\u0119 oceny i samooceny pod tym linkiem. 2. Rolnictwo Do 19.03.2026 (23:59) &#8211; opublikowa\u0107 wpis o rolnictwie regionu. Do 25.03.2026 (10:55) &#8211; [&hellip;]<\/p>\n","protected":false},"author":1,"featured_media":0,"parent":0,"menu_order":0,"comment_status":"closed","ping_status":"closed","template":"","meta":{"footnotes":""},"class_list":["post-44","page","type-page","status-publish","hentry"],"_links":{"self":[{"href":"https:\/\/ge26.dkonto.pl\/index.php\/wp-json\/wp\/v2\/pages\/44","targetHints":{"allow":["GET"]}}],"collection":[{"href":"https:\/\/ge26.dkonto.pl\/index.php\/wp-json\/wp\/v2\/pages"}],"about":[{"href":"https:\/\/ge26.dkonto.pl\/index.php\/wp-json\/wp\/v2\/types\/page"}],"author":[{"embeddable":true,"href":"https:\/\/ge26.dkonto.pl\/index.php\/wp-json\/wp\/v2\/users\/1"}],"replies":[{"embeddable":true,"href":"https:\/\/ge26.dkonto.pl\/index.php\/wp-json\/wp\/v2\/comments?post=44"}],"version-history":[{"count":9,"href":"https:\/\/ge26.dkonto.pl\/index.php\/wp-json\/wp\/v2\/pages\/44\/revisions"}],"predecessor-version":[{"id":560,"href":"https:\/\/ge26.dkonto.pl\/index.php\/wp-json\/wp\/v2\/pages\/44\/revisions\/560"}],"wp:attachment":[{"href":"https:\/\/ge26.dkonto.pl\/index.php\/wp-json\/wp\/v2\/media?parent=44"}],"curies":[{"name":"wp","href":"https:\/\/api.w.org\/{rel}","templated":true}]}}